{"id":124,"date":"2014-10-22T16:41:08","date_gmt":"2014-10-22T13:41:08","guid":{"rendered":"http:\/\/www.itukylat.fi\/hindsby\/?page_id=124"},"modified":"2023-03-28T20:43:56","modified_gmt":"2023-03-28T17:43:56","slug":"byagarden-bakplan","status":"publish","type":"page","link":"https:\/\/www.hindsby.fi\/sv\/byagarden-2\/byagarden-bakplan\/","title":{"rendered":"Byag\u00e5rden bakplan"},"content":{"rendered":"<p>Detta \u00e4r bakplanen\u00a0p\u00e5 Byag\u00e5rden.<\/p>\n<p>I h\u00f6rnet kan man se v\u00e5rt plasttak (d\u00e4r finns idag en stor markis man kan rulla ut) som \u00e4r med tanke p\u00e5 en orkester som kan spela utomhus och ha tak \u00f6ver huvudet. I slutet av maj-september har vi en danslava byggt i knuten av huset (ca 7 m x 7 m). Det finns \u00e4ven tr\u00e4dg\u00e5rsstolar och bord. Bakg\u00e5rdens mark \u00e4r sand. Endast p\u00e5 framsidans gavel finns gr\u00e4smatta.<\/p>\n<p>\u00d6vre bilden bakplanen med danslave. Nedre bilden bakplanen utan danslave.<\/p>\n<p><a href=\"https:\/\/www.hindsby.fi\/wp-content\/uploads\/sites\/27\/2014\/10\/100-0042.jpg\" target=\"_blank\" rel=\"noopener\"><img loading=\"lazy\" decoding=\"async\" class=\"alignleft size-full wp-image-120\" src=\"https:\/\/www.hindsby.fi\/wp-content\/uploads\/sites\/27\/2014\/10\/100-0042.jpg\" alt=\"100_0042\" width=\"1024\" height=\"768\" data-id=\"120\" srcset=\"https:\/\/www.hindsby.fi\/wp-content\/uploads\/sites\/27\/2014\/10\/100-0042.jpg 1024w, https:\/\/www.hindsby.fi\/wp-content\/uploads\/sites\/27\/2014\/10\/100-0042-300x225.jpg 300w\" sizes=\"auto, (max-width: 1024px) 100vw, 1024px\" \/><\/a> <a href=\"https:\/\/www.hindsby.fi\/wp-content\/uploads\/sites\/27\/2014\/10\/byag--rden-baksida.jpg\" target=\"_blank\" rel=\"noopener\"><img loading=\"lazy\" decoding=\"async\" class=\"alignleft size-full wp-image-121\" src=\"https:\/\/www.hindsby.fi\/wp-content\/uploads\/sites\/27\/2014\/10\/byag--rden-baksida.jpg\" alt=\"byag\u00e5rden_baksida\" width=\"640\" height=\"480\" data-id=\"121\" srcset=\"https:\/\/www.hindsby.fi\/wp-content\/uploads\/sites\/27\/2014\/10\/byag--rden-baksida.jpg 640w, https:\/\/www.hindsby.fi\/wp-content\/uploads\/sites\/27\/2014\/10\/byag--rden-baksida-300x225.jpg 300w\" sizes=\"auto, (max-width: 640px) 100vw, 640px\" \/><\/a><\/p>\n","protected":false},"excerpt":{"rendered":"<p>Detta \u00e4r bakplanen\u00a0p\u00e5 Byag\u00e5rden. I h\u00f6rnet kan man se v\u00e5rt plasttak (d\u00e4r finns idag en stor markis man kan rulla ut) som \u00e4r med tanke p\u00e5 en orkester som kan spela utomhus och ha tak \u00f6ver huvudet. I slutet av maj-september har vi en danslava byggt i knuten av huset (ca 7 m x 7 [&hellip;]<\/p>\n","protected":false},"author":1,"featured_media":0,"parent":51,"menu_order":0,"comment_status":"closed","ping_status":"closed","template":"","meta":{"footnotes":""},"class_list":["post-124","page","type-page","status-publish","hentry"],"_links":{"self":[{"href":"https:\/\/www.hindsby.fi\/sv\/wp-json\/wp\/v2\/pages\/124","targetHints":{"allow":["GET"]}}],"collection":[{"href":"https:\/\/www.hindsby.fi\/sv\/wp-json\/wp\/v2\/pages"}],"about":[{"href":"https:\/\/www.hindsby.fi\/sv\/wp-json\/wp\/v2\/types\/page"}],"author":[{"embeddable":true,"href":"https:\/\/www.hindsby.fi\/sv\/wp-json\/wp\/v2\/users\/1"}],"replies":[{"embeddable":true,"href":"https:\/\/www.hindsby.fi\/sv\/wp-json\/wp\/v2\/comments?post=124"}],"version-history":[{"count":5,"href":"https:\/\/www.hindsby.fi\/sv\/wp-json\/wp\/v2\/pages\/124\/revisions"}],"predecessor-version":[{"id":432,"href":"https:\/\/www.hindsby.fi\/sv\/wp-json\/wp\/v2\/pages\/124\/revisions\/432"}],"up":[{"embeddable":true,"href":"https:\/\/www.hindsby.fi\/sv\/wp-json\/wp\/v2\/pages\/51"}],"wp:attachment":[{"href":"https:\/\/www.hindsby.fi\/sv\/wp-json\/wp\/v2\/media?parent=124"}],"curies":[{"name":"wp","href":"https:\/\/api.w.org\/{rel}","templated":true}]}}