{"id":140,"date":"2014-10-22T16:52:54","date_gmt":"2014-10-22T13:52:54","guid":{"rendered":"http:\/\/www.itukylat.fi\/hindsby\/?page_id=140"},"modified":"2023-03-28T21:01:57","modified_gmt":"2023-03-28T18:01:57","slug":"byagarden-stora-salen","status":"publish","type":"page","link":"https:\/\/www.hindsby.fi\/sv\/byagarden-2\/byagarden-stora-salen\/","title":{"rendered":"Byag\u00e5rden stora salen"},"content":{"rendered":"<p>Scenen sett fr\u00e5n stora salen. I stora salen kan man duka f\u00f6r max 80 matg\u00e4ster. D\u00f6rren till v\u00e4nster leder till nedre v\u00e5ningen var bastun, omkl\u00e4dningsrum och brasrum finns.<\/p>\n<p><a href=\"https:\/\/www.hindsby.fi\/wp-content\/uploads\/sites\/27\/2014\/10\/stora-salen-2.jpg\" target=\"_blank\" rel=\"noopener\"><img loading=\"lazy\" decoding=\"async\" class=\"alignleft size-full wp-image-136\" src=\"https:\/\/www.hindsby.fi\/wp-content\/uploads\/sites\/27\/2014\/10\/stora-salen-2.jpg\" alt=\"stora_salen_2\" width=\"640\" height=\"480\" data-id=\"136\" srcset=\"https:\/\/www.hindsby.fi\/wp-content\/uploads\/sites\/27\/2014\/10\/stora-salen-2.jpg 640w, https:\/\/www.hindsby.fi\/wp-content\/uploads\/sites\/27\/2014\/10\/stora-salen-2-300x225.jpg 300w\" sizes=\"auto, (max-width: 640px) 100vw, 640px\" \/><\/a><a href=\"https:\/\/www.hindsby.fi\/wp-content\/uploads\/sites\/27\/2014\/10\/scenen.jpg\" target=\"_blank\" rel=\"noopener\"><img loading=\"lazy\" decoding=\"async\" class=\"alignleft size-full wp-image-135\" src=\"https:\/\/www.hindsby.fi\/wp-content\/uploads\/sites\/27\/2014\/10\/scenen.jpg\" alt=\"scenen\" width=\"640\" height=\"480\" data-id=\"135\" srcset=\"https:\/\/www.hindsby.fi\/wp-content\/uploads\/sites\/27\/2014\/10\/scenen.jpg 640w, https:\/\/www.hindsby.fi\/wp-content\/uploads\/sites\/27\/2014\/10\/scenen-300x225.jpg 300w\" sizes=\"auto, (max-width: 640px) 100vw, 640px\" \/><\/a><\/p>\n<p>&nbsp;<\/p>\n","protected":false},"excerpt":{"rendered":"<p>Scenen sett fr\u00e5n stora salen. I stora salen kan man duka f\u00f6r max 80 matg\u00e4ster. D\u00f6rren till v\u00e4nster leder till nedre v\u00e5ningen var bastun, omkl\u00e4dningsrum och brasrum finns. &nbsp;<\/p>\n","protected":false},"author":1,"featured_media":0,"parent":51,"menu_order":0,"comment_status":"closed","ping_status":"closed","template":"","meta":{"footnotes":""},"class_list":["post-140","page","type-page","status-publish","hentry"],"_links":{"self":[{"href":"https:\/\/www.hindsby.fi\/sv\/wp-json\/wp\/v2\/pages\/140","targetHints":{"allow":["GET"]}}],"collection":[{"href":"https:\/\/www.hindsby.fi\/sv\/wp-json\/wp\/v2\/pages"}],"about":[{"href":"https:\/\/www.hindsby.fi\/sv\/wp-json\/wp\/v2\/types\/page"}],"author":[{"embeddable":true,"href":"https:\/\/www.hindsby.fi\/sv\/wp-json\/wp\/v2\/users\/1"}],"replies":[{"embeddable":true,"href":"https:\/\/www.hindsby.fi\/sv\/wp-json\/wp\/v2\/comments?post=140"}],"version-history":[{"count":4,"href":"https:\/\/www.hindsby.fi\/sv\/wp-json\/wp\/v2\/pages\/140\/revisions"}],"predecessor-version":[{"id":440,"href":"https:\/\/www.hindsby.fi\/sv\/wp-json\/wp\/v2\/pages\/140\/revisions\/440"}],"up":[{"embeddable":true,"href":"https:\/\/www.hindsby.fi\/sv\/wp-json\/wp\/v2\/pages\/51"}],"wp:attachment":[{"href":"https:\/\/www.hindsby.fi\/sv\/wp-json\/wp\/v2\/media?parent=140"}],"curies":[{"name":"wp","href":"https:\/\/api.w.org\/{rel}","templated":true}]}}