{"id":147,"date":"2014-10-22T16:56:48","date_gmt":"2014-10-22T13:56:48","guid":{"rendered":"http:\/\/www.itukylat.fi\/hindsby\/?page_id=147"},"modified":"2014-10-22T16:57:51","modified_gmt":"2014-10-22T13:57:51","slug":"byagarden-lilla-salen","status":"publish","type":"page","link":"https:\/\/www.hindsby.fi\/sv\/byagarden-2\/byagarden-lilla-salen\/","title":{"rendered":"Byag\u00e5rden lilla salen"},"content":{"rendered":"<p>Fotot taget fr\u00e5n stora salen s\u00e5 man ser den lilla salen, k\u00f6ket l\u00e4ngst fram (vita d\u00f6rren i mitten), toaletterna till h\u00f6ger om spegeln. Man kommer in till Byag\u00e5rden bakom draperiet p\u00e5 h\u00f6ger sida. Fr\u00e5n f\u00f6nstret till v\u00e4nster har man utsikt till bakplanen.<\/p>\n<p><a href=\"https:\/\/www.hindsby.fi\/wp-content\/uploads\/sites\/27\/2014\/10\/lilla-salen.jpg\"><img loading=\"lazy\" decoding=\"async\" class=\"alignleft size-full wp-image-144\" src=\"https:\/\/www.hindsby.fi\/wp-content\/uploads\/sites\/27\/2014\/10\/lilla-salen.jpg\" alt=\"lilla_salen\" width=\"640\" height=\"480\" data-id=\"144\" srcset=\"https:\/\/www.hindsby.fi\/wp-content\/uploads\/sites\/27\/2014\/10\/lilla-salen.jpg 640w, https:\/\/www.hindsby.fi\/wp-content\/uploads\/sites\/27\/2014\/10\/lilla-salen-300x225.jpg 300w\" sizes=\"auto, (max-width: 640px) 100vw, 640px\" \/><\/a><\/p>\n","protected":false},"excerpt":{"rendered":"<p>Fotot taget fr\u00e5n stora salen s\u00e5 man ser den lilla salen, k\u00f6ket l\u00e4ngst fram (vita d\u00f6rren i mitten), toaletterna till h\u00f6ger om spegeln. Man kommer in till Byag\u00e5rden bakom draperiet p\u00e5 h\u00f6ger sida. Fr\u00e5n f\u00f6nstret till v\u00e4nster har man utsikt till bakplanen.<\/p>\n","protected":false},"author":28,"featured_media":0,"parent":51,"menu_order":0,"comment_status":"closed","ping_status":"closed","template":"","meta":{"footnotes":""},"class_list":["post-147","page","type-page","status-publish","hentry"],"_links":{"self":[{"href":"https:\/\/www.hindsby.fi\/sv\/wp-json\/wp\/v2\/pages\/147","targetHints":{"allow":["GET"]}}],"collection":[{"href":"https:\/\/www.hindsby.fi\/sv\/wp-json\/wp\/v2\/pages"}],"about":[{"href":"https:\/\/www.hindsby.fi\/sv\/wp-json\/wp\/v2\/types\/page"}],"author":[{"embeddable":true,"href":"https:\/\/www.hindsby.fi\/sv\/wp-json\/wp\/v2\/users\/28"}],"replies":[{"embeddable":true,"href":"https:\/\/www.hindsby.fi\/sv\/wp-json\/wp\/v2\/comments?post=147"}],"version-history":[{"count":2,"href":"https:\/\/www.hindsby.fi\/sv\/wp-json\/wp\/v2\/pages\/147\/revisions"}],"predecessor-version":[{"id":149,"href":"https:\/\/www.hindsby.fi\/sv\/wp-json\/wp\/v2\/pages\/147\/revisions\/149"}],"up":[{"embeddable":true,"href":"https:\/\/www.hindsby.fi\/sv\/wp-json\/wp\/v2\/pages\/51"}],"wp:attachment":[{"href":"https:\/\/www.hindsby.fi\/sv\/wp-json\/wp\/v2\/media?parent=147"}],"curies":[{"name":"wp","href":"https:\/\/api.w.org\/{rel}","templated":true}]}}