{"id":163,"date":"2014-10-27T17:39:42","date_gmt":"2014-10-27T15:39:42","guid":{"rendered":"http:\/\/www.itukylat.fi\/hindsby\/?page_id=163"},"modified":"2023-03-28T20:53:50","modified_gmt":"2023-03-28T17:53:50","slug":"bilder-av-byagarden","status":"publish","type":"page","link":"https:\/\/www.hindsby.fi\/sv\/byagarden-2\/bilder-av-byagarden\/","title":{"rendered":"Bilder fr\u00e5n Byag\u00e5rden"},"content":{"rendered":"<p>\u00d6versta bilden: Vy \u00f6ver Byag\u00e5rden. Mellersta och nedre bilden: Byag\u00e5rdens framsida med huvuding\u00e5ngen.<\/p>\n<p><a href=\"https:\/\/www.hindsby.fi\/wp-content\/uploads\/sites\/27\/2014\/10\/100-00381.jpg\" target=\"_blank\" rel=\"noopener\"><img loading=\"lazy\" decoding=\"async\" class=\"alignleft size-full wp-image-157\" src=\"https:\/\/www.hindsby.fi\/wp-content\/uploads\/sites\/27\/2014\/10\/100-00381.jpg\" alt=\"100_0038\" width=\"1600\" height=\"1200\" data-id=\"157\" srcset=\"https:\/\/www.hindsby.fi\/wp-content\/uploads\/sites\/27\/2014\/10\/100-00381.jpg 1600w, https:\/\/www.hindsby.fi\/wp-content\/uploads\/sites\/27\/2014\/10\/100-00381-300x225.jpg 300w, https:\/\/www.hindsby.fi\/wp-content\/uploads\/sites\/27\/2014\/10\/100-00381-1024x768.jpg 1024w\" sizes=\"auto, (max-width: 1600px) 100vw, 1600px\" \/><\/a> <a href=\"https:\/\/www.hindsby.fi\/wp-content\/uploads\/sites\/27\/2014\/10\/100-0044.jpg\" target=\"_blank\" rel=\"noopener\"><img loading=\"lazy\" decoding=\"async\" class=\"alignleft size-full wp-image-159\" src=\"https:\/\/www.hindsby.fi\/wp-content\/uploads\/sites\/27\/2014\/10\/100-0044.jpg\" alt=\"100_0044\" width=\"1024\" height=\"768\" data-id=\"159\" srcset=\"https:\/\/www.hindsby.fi\/wp-content\/uploads\/sites\/27\/2014\/10\/100-0044.jpg 1024w, https:\/\/www.hindsby.fi\/wp-content\/uploads\/sites\/27\/2014\/10\/100-0044-300x225.jpg 300w\" sizes=\"auto, (max-width: 1024px) 100vw, 1024px\" \/><\/a> <a href=\"https:\/\/www.hindsby.fi\/wp-content\/uploads\/sites\/27\/2014\/10\/100-00401.jpg\" target=\"_blank\" rel=\"noopener\"><img loading=\"lazy\" decoding=\"async\" class=\"alignleft size-full wp-image-158\" src=\"https:\/\/www.hindsby.fi\/wp-content\/uploads\/sites\/27\/2014\/10\/100-00401.jpg\" alt=\"100_0040\" width=\"1024\" height=\"768\" data-id=\"158\" srcset=\"https:\/\/www.hindsby.fi\/wp-content\/uploads\/sites\/27\/2014\/10\/100-00401.jpg 1024w, https:\/\/www.hindsby.fi\/wp-content\/uploads\/sites\/27\/2014\/10\/100-00401-300x225.jpg 300w\" sizes=\"auto, (max-width: 1024px) 100vw, 1024px\" \/><\/a><\/p>\n","protected":false},"excerpt":{"rendered":"<p>\u00d6versta bilden: Vy \u00f6ver Byag\u00e5rden. Mellersta och nedre bilden: Byag\u00e5rdens framsida med huvuding\u00e5ngen.<\/p>\n","protected":false},"author":1,"featured_media":0,"parent":51,"menu_order":0,"comment_status":"closed","ping_status":"closed","template":"","meta":{"footnotes":""},"class_list":["post-163","page","type-page","status-publish","hentry"],"_links":{"self":[{"href":"https:\/\/www.hindsby.fi\/sv\/wp-json\/wp\/v2\/pages\/163","targetHints":{"allow":["GET"]}}],"collection":[{"href":"https:\/\/www.hindsby.fi\/sv\/wp-json\/wp\/v2\/pages"}],"about":[{"href":"https:\/\/www.hindsby.fi\/sv\/wp-json\/wp\/v2\/types\/page"}],"author":[{"embeddable":true,"href":"https:\/\/www.hindsby.fi\/sv\/wp-json\/wp\/v2\/users\/1"}],"replies":[{"embeddable":true,"href":"https:\/\/www.hindsby.fi\/sv\/wp-json\/wp\/v2\/comments?post=163"}],"version-history":[{"count":3,"href":"https:\/\/www.hindsby.fi\/sv\/wp-json\/wp\/v2\/pages\/163\/revisions"}],"predecessor-version":[{"id":436,"href":"https:\/\/www.hindsby.fi\/sv\/wp-json\/wp\/v2\/pages\/163\/revisions\/436"}],"up":[{"embeddable":true,"href":"https:\/\/www.hindsby.fi\/sv\/wp-json\/wp\/v2\/pages\/51"}],"wp:attachment":[{"href":"https:\/\/www.hindsby.fi\/sv\/wp-json\/wp\/v2\/media?parent=163"}],"curies":[{"name":"wp","href":"https:\/\/api.w.org\/{rel}","templated":true}]}}