{"id":236,"date":"2014-10-29T10:07:57","date_gmt":"2014-10-29T08:07:57","guid":{"rendered":"http:\/\/www.itukylat.fi\/hindsby\/?page_id=236"},"modified":"2023-05-11T14:41:32","modified_gmt":"2023-05-11T11:41:32","slug":"vagbeskrivning-till-byagarden","status":"publish","type":"page","link":"https:\/\/www.hindsby.fi\/sv\/byagarden-2\/vagbeskrivning-till-byagarden\/","title":{"rendered":"V\u00e4gbeskrivning till Byag\u00e5rden"},"content":{"rendered":"<h4>H\u00e4r en l\u00e4nk till Google maps:<\/h4>\n<h4><a href=\"https:\/\/goo.gl\/maps\/g9mUXk78NPQCtKrb7\">Byag\u00e5rden i Hindsby p\u00e5 Google maps.<\/a><\/h4>\n<h3><\/h3>\n<h3><strong>K\u00f6ranvisning:<\/strong><\/h3>\n<p><strong>Om du kommer fr\u00e5n Helsingfors med Lahtis motorv\u00e4g:<\/strong><br \/>\nTag av vid Sibbo\/Korso rampen. Efter rampen till h\u00f6ger mot Sibbo. K\u00f6r ca 5 km. Till h\u00f6ger en skylt HINDSBY 4. Det \u00e4r en ca 4 km l\u00e5ng sandv\u00e4g (inte i gott skick) slingrar sig bra. V\u00e4gen slutar vid en T-korsning. (ett hus och ett skjul p\u00e5 andra sidan v\u00e4gen). Tag till h\u00f6ger. Ca 800 meter p\u00e5 v\u00e4nstersida ser du ett r\u00f6tt hus mitt p\u00e5 en \u00e5ker med en granh\u00e4ck omkring. Finns ocks\u00e5 en skylt vid v\u00e4gen var det st\u00e5r Byag\u00e5rden.<\/p>\n<p>&nbsp;<\/p>\n<p><strong>Om du kommer fr\u00e5n Nickby:<\/strong><br \/>\nTag sikte p\u00e5 Gamla Kyrkan och k\u00f6r mot S\u00f6derkulla. Ca 1.5-2 km fr\u00e5n kyrkan, p\u00e5 h\u00f6ger sida d\u00e5 v\u00e4gen bryter sig som ett Y st\u00e5r HINDSBY 3. K\u00f6r rakt fram i ca 4 km. Byag\u00e5rden p\u00e5 samma \u00e5ker p\u00e5 v\u00e4nster sida.<\/p>\n<p>&nbsp;<\/p>\n<p><strong>Om du kommer fr\u00e5n S\u00f6derkulla:<\/strong><br \/>\nTag sikte mot Nickby (Sibbo centrum st\u00e5r det oftast p\u00e5 skyltarna). Efter ca 5 km kommer du till Brob\u00f6le, efter bron till v\u00e4nster var det st\u00e5r HINDSBY 3. (samma v\u00e4gsk\u00e4l som du kommer fr\u00e5n om du kom fr\u00e5n kyrkan)<\/p>\n","protected":false},"excerpt":{"rendered":"<p>H\u00e4r en l\u00e4nk till Google maps: Byag\u00e5rden i Hindsby p\u00e5 Google maps. K\u00f6ranvisning: Om du kommer fr\u00e5n Helsingfors med Lahtis motorv\u00e4g: Tag av vid Sibbo\/Korso rampen. Efter rampen till h\u00f6ger mot Sibbo. K\u00f6r ca 5 km. Till h\u00f6ger en skylt HINDSBY 4. Det \u00e4r en ca 4 km l\u00e5ng sandv\u00e4g (inte i gott skick) slingrar [&hellip;]<\/p>\n","protected":false},"author":1,"featured_media":0,"parent":51,"menu_order":0,"comment_status":"closed","ping_status":"closed","template":"","meta":{"footnotes":""},"class_list":["post-236","page","type-page","status-publish","hentry"],"_links":{"self":[{"href":"https:\/\/www.hindsby.fi\/sv\/wp-json\/wp\/v2\/pages\/236","targetHints":{"allow":["GET"]}}],"collection":[{"href":"https:\/\/www.hindsby.fi\/sv\/wp-json\/wp\/v2\/pages"}],"about":[{"href":"https:\/\/www.hindsby.fi\/sv\/wp-json\/wp\/v2\/types\/page"}],"author":[{"embeddable":true,"href":"https:\/\/www.hindsby.fi\/sv\/wp-json\/wp\/v2\/users\/1"}],"replies":[{"embeddable":true,"href":"https:\/\/www.hindsby.fi\/sv\/wp-json\/wp\/v2\/comments?post=236"}],"version-history":[{"count":7,"href":"https:\/\/www.hindsby.fi\/sv\/wp-json\/wp\/v2\/pages\/236\/revisions"}],"predecessor-version":[{"id":577,"href":"https:\/\/www.hindsby.fi\/sv\/wp-json\/wp\/v2\/pages\/236\/revisions\/577"}],"up":[{"embeddable":true,"href":"https:\/\/www.hindsby.fi\/sv\/wp-json\/wp\/v2\/pages\/51"}],"wp:attachment":[{"href":"https:\/\/www.hindsby.fi\/sv\/wp-json\/wp\/v2\/media?parent=236"}],"curies":[{"name":"wp","href":"https:\/\/api.w.org\/{rel}","templated":true}]}}