{"id":51,"date":"2014-10-02T13:01:30","date_gmt":"2014-10-02T10:01:30","guid":{"rendered":"http:\/\/www.itukylat.fi\/hindsby\/?page_id=51"},"modified":"2024-08-14T20:57:25","modified_gmt":"2024-08-14T17:57:25","slug":"byagarden-2","status":"publish","type":"page","link":"https:\/\/www.hindsby.fi\/sv\/byagarden-2\/","title":{"rendered":"Byag\u00e5rden"},"content":{"rendered":"<p>Byag\u00e5rden \u00e4r Hindsby Allmogef\u00f6renings f\u00f6reningshus bel\u00e4get i Hindsby by i Sibbo. Byag\u00e5rden \u00e4r samlingslokalen i byn. Bel\u00e4gen p\u00e5 adressen Martisv\u00e4gen 66.<br \/>\nHindsby ligger mellan Helsingfors och Borg\u00e5, c. 30 km fr\u00e5n b\u00e5da st\u00e4dernas centrum. Hindsby \u00e4r sedan gammalt k\u00e4nd f\u00f6r sin vackra natur. I Hindsby finns Sibbo Storskogs nationalpark och fr\u00e5n Byag\u00e5rden till nationalparkens gr\u00e4ns \u00e4r det endast c. 200 meter.<\/p>\n<p>Byag\u00e5rden kan hyras av privatpersoner, f\u00f6retag och andra f\u00f6reningar. F\u00f6r uthyrning och till\u00e4ggsinformation v\u00e4nligen kontakta Micke Mellin tfn 050 375 7220 eller skicka e-post:<br \/>\n[ haf.hindsby @ gmail.com ]<\/p>\n<p>Byag\u00e5rden \u00e4r ett ypperligt val d\u00e5 man ordnar fester f\u00f6r max 80 personer. Man kan ocks\u00e5 hyra bara bastun f\u00f6r en bastukv\u00e4ll med biljard.<\/p>\n<p>Byns f\u00f6reningar har fri tillg\u00e5ng till lokalen.<\/p>\n<p>&nbsp;<\/p>\n<p><em>\u00d6vre bilden: Vy \u00f6ver Byag\u00e5rden<\/em><\/p>\n<p><em>Nedre bilden: Byag\u00e5rdens framsida med huvuding\u00e5ng<\/em><\/p>\n<p><a href=\"https:\/\/www.hindsby.fi\/wp-content\/uploads\/sites\/27\/2014\/10\/100-0038.jpg\" target=\"_blank\" rel=\"noopener noreferrer\"><img loading=\"lazy\" decoding=\"async\" class=\"alignleft size-full wp-image-127\" src=\"https:\/\/www.hindsby.fi\/wp-content\/uploads\/sites\/27\/2014\/10\/100-0038.jpg\" alt=\"100_0038\" width=\"1600\" height=\"1200\" srcset=\"https:\/\/www.hindsby.fi\/wp-content\/uploads\/sites\/27\/2014\/10\/100-0038.jpg 1600w, https:\/\/www.hindsby.fi\/wp-content\/uploads\/sites\/27\/2014\/10\/100-0038-300x225.jpg 300w, https:\/\/www.hindsby.fi\/wp-content\/uploads\/sites\/27\/2014\/10\/100-0038-1024x768.jpg 1024w\" sizes=\"auto, (max-width: 1600px) 100vw, 1600px\" \/><\/a><\/p>\n<p><a href=\"https:\/\/www.hindsby.fi\/wp-content\/uploads\/sites\/27\/2014\/10\/100-0040.jpg\" target=\"_blank\" rel=\"noopener noreferrer\"><img loading=\"lazy\" decoding=\"async\" class=\"alignleft size-full wp-image-128\" src=\"https:\/\/www.hindsby.fi\/wp-content\/uploads\/sites\/27\/2014\/10\/100-0040.jpg\" alt=\"100_0040\" width=\"1024\" height=\"768\" srcset=\"https:\/\/www.hindsby.fi\/wp-content\/uploads\/sites\/27\/2014\/10\/100-0040.jpg 1024w, https:\/\/www.hindsby.fi\/wp-content\/uploads\/sites\/27\/2014\/10\/100-0040-300x225.jpg 300w\" sizes=\"auto, (max-width: 1024px) 100vw, 1024px\" \/><\/a><\/p>\n","protected":false},"excerpt":{"rendered":"<p>Byag\u00e5rden \u00e4r Hindsby Allmogef\u00f6renings f\u00f6reningshus bel\u00e4get i Hindsby by i Sibbo. Byag\u00e5rden \u00e4r samlingslokalen i byn. Bel\u00e4gen p\u00e5 adressen Martisv\u00e4gen 66. Hindsby ligger mellan Helsingfors och Borg\u00e5, c. 30 km fr\u00e5n b\u00e5da st\u00e4dernas centrum. Hindsby \u00e4r sedan gammalt k\u00e4nd f\u00f6r sin vackra natur. I Hindsby finns Sibbo Storskogs nationalpark och fr\u00e5n Byag\u00e5rden till nationalparkens gr\u00e4ns [&hellip;]<\/p>\n","protected":false},"author":1,"featured_media":0,"parent":0,"menu_order":0,"comment_status":"closed","ping_status":"closed","template":"","meta":{"footnotes":""},"class_list":["post-51","page","type-page","status-publish","hentry"],"_links":{"self":[{"href":"https:\/\/www.hindsby.fi\/sv\/wp-json\/wp\/v2\/pages\/51","targetHints":{"allow":["GET"]}}],"collection":[{"href":"https:\/\/www.hindsby.fi\/sv\/wp-json\/wp\/v2\/pages"}],"about":[{"href":"https:\/\/www.hindsby.fi\/sv\/wp-json\/wp\/v2\/types\/page"}],"author":[{"embeddable":true,"href":"https:\/\/www.hindsby.fi\/sv\/wp-json\/wp\/v2\/users\/1"}],"replies":[{"embeddable":true,"href":"https:\/\/www.hindsby.fi\/sv\/wp-json\/wp\/v2\/comments?post=51"}],"version-history":[{"count":10,"href":"https:\/\/www.hindsby.fi\/sv\/wp-json\/wp\/v2\/pages\/51\/revisions"}],"predecessor-version":[{"id":629,"href":"https:\/\/www.hindsby.fi\/sv\/wp-json\/wp\/v2\/pages\/51\/revisions\/629"}],"wp:attachment":[{"href":"https:\/\/www.hindsby.fi\/sv\/wp-json\/wp\/v2\/media?parent=51"}],"curies":[{"name":"wp","href":"https:\/\/api.w.org\/{rel}","templated":true}]}}