{"id":64,"date":"2014-10-02T13:13:27","date_gmt":"2014-10-02T10:13:27","guid":{"rendered":"http:\/\/www.itukylat.fi\/hindsby\/?page_id=64"},"modified":"2024-03-19T10:19:43","modified_gmt":"2024-03-19T08:19:43","slug":"hindsby-allmogeforening-2","status":"publish","type":"page","link":"https:\/\/www.hindsby.fi\/sv\/hindsby-allmogeforening-2\/","title":{"rendered":"Hindsby Allmogef\u00f6rening"},"content":{"rendered":"<p>H A F grundades \u00e5r 1938. I dagsdato har f\u00f6reningen n\u00e4rmare 300 medlemmar. F\u00f6reningen ordnar aktiviteter f\u00f6r medlemmar i alla \u00e5ldrar och enligt olika intressen. F\u00f6reningen tar ocks\u00e5 g\u00e4rna emot nya id\u00e9er till verksamheten. Det \u00e4r bara att kontakta oss i styrelsen s\u00e5 f\u00f6rs\u00f6ker vi ordna saken.<br \/>\nF\u00f6reningens \u00e5rsm\u00f6te h\u00e5lls i mars m\u00e5nad d\u00e5 ordf\u00f6rande och styrelse v\u00e4ljs f\u00f6r f\u00f6ljande verksamhets\u00e5r.<\/p>\n<p>F\u00f6reningens medlemsavgift f\u00f6r \u00e5r 2024 \u00e4r 10\u20ac f\u00f6r personer fyllda 29 \u00e5r och 5\u20ac f\u00f6r personer under 29 \u00e5r. Familjeavgift \u00e4r 20\u20ac.<\/p>\n<p>Kontakta n\u00e5gon i styrelsen eller skicka meddelande till HAF:s e-post om du vill bli medlem. Meddela g\u00e4rna en e-post dit HAF-info kan skickas. F\u00f6r HAF medlemmar arrangeras olika aktiviteter under hela \u00e5ret.<\/p>\n<p>HAF:s e-post \u00e4r\u00a0\u00a0[haf.hindsby @ gmail.com]<\/p>\n<h4><strong>Styrelsen 2024<br \/>\n<\/strong><\/h4>\n<p><strong>Ordf\u00f6rande\u00a0<\/strong>Andreas Lindholm tfn 040 730 0897<\/p>\n<p>Medlemmar:<br \/>\nJannica Laitinen-Lindholm<br \/>\nRalf Lindholm<br \/>\nJonas Lindstr\u00f6m<br \/>\nRobin L\u00f6kstr\u00f6m<br \/>\nMichael Mellin<br \/>\nUlla Niskanen<br \/>\nDaniela Sj\u00f6holm<br \/>\nSam Widlund<\/p>\n","protected":false},"excerpt":{"rendered":"<p>H A F grundades \u00e5r 1938. I dagsdato har f\u00f6reningen n\u00e4rmare 300 medlemmar. F\u00f6reningen ordnar aktiviteter f\u00f6r medlemmar i alla \u00e5ldrar och enligt olika intressen. F\u00f6reningen tar ocks\u00e5 g\u00e4rna emot nya id\u00e9er till verksamheten. Det \u00e4r bara att kontakta oss i styrelsen s\u00e5 f\u00f6rs\u00f6ker vi ordna saken. F\u00f6reningens \u00e5rsm\u00f6te h\u00e5lls i mars m\u00e5nad d\u00e5 ordf\u00f6rande [&hellip;]<\/p>\n","protected":false},"author":1,"featured_media":0,"parent":0,"menu_order":0,"comment_status":"closed","ping_status":"closed","template":"","meta":{"footnotes":""},"class_list":["post-64","page","type-page","status-publish","hentry"],"_links":{"self":[{"href":"https:\/\/www.hindsby.fi\/sv\/wp-json\/wp\/v2\/pages\/64","targetHints":{"allow":["GET"]}}],"collection":[{"href":"https:\/\/www.hindsby.fi\/sv\/wp-json\/wp\/v2\/pages"}],"about":[{"href":"https:\/\/www.hindsby.fi\/sv\/wp-json\/wp\/v2\/types\/page"}],"author":[{"embeddable":true,"href":"https:\/\/www.hindsby.fi\/sv\/wp-json\/wp\/v2\/users\/1"}],"replies":[{"embeddable":true,"href":"https:\/\/www.hindsby.fi\/sv\/wp-json\/wp\/v2\/comments?post=64"}],"version-history":[{"count":7,"href":"https:\/\/www.hindsby.fi\/sv\/wp-json\/wp\/v2\/pages\/64\/revisions"}],"predecessor-version":[{"id":607,"href":"https:\/\/www.hindsby.fi\/sv\/wp-json\/wp\/v2\/pages\/64\/revisions\/607"}],"wp:attachment":[{"href":"https:\/\/www.hindsby.fi\/sv\/wp-json\/wp\/v2\/media?parent=64"}],"curies":[{"name":"wp","href":"https:\/\/api.w.org\/{rel}","templated":true}]}}