{"id":85,"date":"2014-10-02T14:56:14","date_gmt":"2014-10-02T11:56:14","guid":{"rendered":"http:\/\/www.itukylat.fi\/hindsby\/?page_id=85"},"modified":"2023-05-09T13:52:19","modified_gmt":"2023-05-09T10:52:19","slug":"ovriga-organisationer","status":"publish","type":"page","link":"https:\/\/www.hindsby.fi\/sv\/ovriga-organisationer\/","title":{"rendered":"\u00d6vriga organisationer"},"content":{"rendered":"<h3>Hindsby byala<a href=\"https:\/\/www.hindsby.fi\/wp-content\/uploads\/sites\/27\/2014\/10\/hindsbykarta.gif\"><img loading=\"lazy\" decoding=\"async\" class=\"alignright size-full wp-image-212\" src=\"https:\/\/www.hindsby.fi\/wp-content\/uploads\/sites\/27\/2014\/10\/hindsbykarta.gif\" alt=\"hindsbykarta\" width=\"307\" height=\"230\" data-id=\"212\" \/><\/a>g<\/h3>\n<p>&nbsp;<\/p>\n<p>Hindsby byalag f\u00f6rvaltar byns samf\u00e4lligheter. Del\u00e4garna i samf\u00e4lligheten sammankommer \u00e5rligen till del\u00e4garst\u00e4mma och v\u00e4ljer tre sysslom\u00e4n f\u00f6r en tre\u00e5rs period.<\/p>\n<p>F\u00f6r \u00e5r 2023 fungerar Stefan Sel\u00e9n (ordf\u00f6rande), Joakim J\u00e4ntti (sekreterare) och Michael Mellin (kass\u00f6r) som sysslom\u00e4n.<\/p>\n<p>&nbsp;<\/p>\n<p>Byns samf\u00e4llighet best\u00e5r av de omr\u00e5den som vid storskiftet 1910-1911 undantogs f\u00f6r g\u00e5rdarnas gemensamma bruk. \u00c5r 1971 registrerades byalagets reglemente i Borg\u00e5 h\u00e4radsr\u00e4tt !<\/p>\n","protected":false},"excerpt":{"rendered":"<p>Hindsby byalag &nbsp; Hindsby byalag f\u00f6rvaltar byns samf\u00e4lligheter. Del\u00e4garna i samf\u00e4lligheten sammankommer \u00e5rligen till del\u00e4garst\u00e4mma och v\u00e4ljer tre sysslom\u00e4n f\u00f6r en tre\u00e5rs period. F\u00f6r \u00e5r 2023 fungerar Stefan Sel\u00e9n (ordf\u00f6rande), Joakim J\u00e4ntti (sekreterare) och Michael Mellin (kass\u00f6r) som sysslom\u00e4n. &nbsp; Byns samf\u00e4llighet best\u00e5r av de omr\u00e5den som vid storskiftet 1910-1911 undantogs f\u00f6r g\u00e5rdarnas gemensamma bruk. [&hellip;]<\/p>\n","protected":false},"author":1,"featured_media":0,"parent":0,"menu_order":0,"comment_status":"closed","ping_status":"closed","template":"","meta":{"footnotes":""},"class_list":["post-85","page","type-page","status-publish","hentry"],"_links":{"self":[{"href":"https:\/\/www.hindsby.fi\/sv\/wp-json\/wp\/v2\/pages\/85","targetHints":{"allow":["GET"]}}],"collection":[{"href":"https:\/\/www.hindsby.fi\/sv\/wp-json\/wp\/v2\/pages"}],"about":[{"href":"https:\/\/www.hindsby.fi\/sv\/wp-json\/wp\/v2\/types\/page"}],"author":[{"embeddable":true,"href":"https:\/\/www.hindsby.fi\/sv\/wp-json\/wp\/v2\/users\/1"}],"replies":[{"embeddable":true,"href":"https:\/\/www.hindsby.fi\/sv\/wp-json\/wp\/v2\/comments?post=85"}],"version-history":[{"count":4,"href":"https:\/\/www.hindsby.fi\/sv\/wp-json\/wp\/v2\/pages\/85\/revisions"}],"predecessor-version":[{"id":532,"href":"https:\/\/www.hindsby.fi\/sv\/wp-json\/wp\/v2\/pages\/85\/revisions\/532"}],"wp:attachment":[{"href":"https:\/\/www.hindsby.fi\/sv\/wp-json\/wp\/v2\/media?parent=85"}],"curies":[{"name":"wp","href":"https:\/\/api.w.org\/{rel}","templated":true}]}}